{"id":154,"date":"2025-02-19T20:55:45","date_gmt":"2025-02-19T19:55:45","guid":{"rendered":"https:\/\/angelospoto.com\/?page_id=154"},"modified":"2025-03-01T08:32:40","modified_gmt":"2025-03-01T07:32:40","slug":"devenir-sponsor","status":"publish","type":"page","link":"https:\/\/angelospoto.com\/index.php\/devenir-sponsor\/","title":{"rendered":"DEVENIR SPONSOR"},"content":{"rendered":"\n<p><\/p>\n\n\n\n<p class=\"has-text-align-center has-x-large-font-size\"><strong>Pourquoi devenir sponsor ?<\/strong><\/p>\n\n\n\n\n\n<p class=\"has-text-align-center has-medium-font-size\">Evoluant au karting des Fagnes \u00e0 Mariembourg, l&rsquo;un des plus beaux et plus grand circuit de Belgique avec un grand nombre de visiteurs chaque semaine, votre entreprise aura une visibilit\u00e9 accrue sur nos diff\u00e9rents supports publicitaires. <\/p>\n\n\n\n<p class=\"has-text-align-center has-medium-font-size\">De plus, avec nos diff\u00e9rents r\u00e9seaux sociaux, nous ne manquerons pas de promouvoir activement votre entreprise r\u00e9guli\u00e8rement.<\/p>\n\n\n\n<p class=\"has-text-align-center has-medium-font-size\">Quel que soit votre budget, votre soutien sera primordial pour l&rsquo;\u00e9volution de notre jeune pilote en cette ann\u00e9e de pr\u00e9paration pour la comp\u00e9tition de l&rsquo;ann\u00e9e 2026.<br><br>Vous trouverez ci-dessous nos 5 niveaux de sponsoring.<br><br><br><br><br><br><\/p>\n\n\n\n\n","protected":false},"excerpt":{"rendered":"<p>Pourquoi devenir sponsor ? Evoluant au karting des Fagnes \u00e0 Mariembourg, l&rsquo;un des plus beaux et plus grand circuit de Belgique avec un grand nombre de visiteurs chaque semaine, votre entreprise aura une visibilit\u00e9 accrue sur nos diff\u00e9rents supports publicitaires. De plus, avec nos diff\u00e9rents r\u00e9seaux sociaux, nous ne manquerons pas de promouvoir activement votre [&hellip;]<\/p>\n","protected":false},"author":1,"featured_media":0,"parent":0,"menu_order":0,"comment_status":"closed","ping_status":"closed","template":"full-width","meta":{"saved_in_kubio":true,"footnotes":""},"class_list":["post-154","page","type-page","status-publish","hentry"],"kubio_ai_page_context":{"short_desc":"","purpose":"general"},"_links":{"self":[{"href":"https:\/\/angelospoto.com\/index.php\/wp-json\/wp\/v2\/pages\/154","targetHints":{"allow":["GET"]}}],"collection":[{"href":"https:\/\/angelospoto.com\/index.php\/wp-json\/wp\/v2\/pages"}],"about":[{"href":"https:\/\/angelospoto.com\/index.php\/wp-json\/wp\/v2\/types\/page"}],"author":[{"embeddable":true,"href":"https:\/\/angelospoto.com\/index.php\/wp-json\/wp\/v2\/users\/1"}],"replies":[{"embeddable":true,"href":"https:\/\/angelospoto.com\/index.php\/wp-json\/wp\/v2\/comments?post=154"}],"version-history":[{"count":38,"href":"https:\/\/angelospoto.com\/index.php\/wp-json\/wp\/v2\/pages\/154\/revisions"}],"predecessor-version":[{"id":577,"href":"https:\/\/angelospoto.com\/index.php\/wp-json\/wp\/v2\/pages\/154\/revisions\/577"}],"wp:attachment":[{"href":"https:\/\/angelospoto.com\/index.php\/wp-json\/wp\/v2\/media?parent=154"}],"curies":[{"name":"wp","href":"https:\/\/api.w.org\/{rel}","templated":true}]}}